{"id":17,"date":"2024-10-03T11:15:04","date_gmt":"2024-10-03T11:15:04","guid":{"rendered":"http:\/\/neu.moritzkoether.de\/?page_id=17"},"modified":"2024-11-08T21:13:30","modified_gmt":"2024-11-08T20:13:30","slug":"bio","status":"publish","type":"page","link":"https:\/\/moritzkoether.de\/de\/bio\/","title":{"rendered":"BIO"},"content":{"rendered":"\n<p>Moritz K\u00f6ther, Saxophonist und Vision\u00e4r, ist ein international gefragter Tournee-Musiker, der Konzerte von der Mercedes-Benz-Arena in Berlin bis hin zum B\u00fcrgermeisteramt in Singapur spielt. Er verbindet seine Liebe zu Blasinstrumenten mit seiner nat\u00fcrlichen Begabung, ein einzigartiges k\u00fcnstlerisches Repertoire zu schaffen, das vom Klang bis hin zur Performance reicht.<\/p>\n\n\n\n<p>Erst im Alter von 16 Jahren entwickelte Moritz ein Interesse an Musik und speziell am Saxophon. Sein Fokus verlagerte sich daraufhin vom Skatepark in den \u00dcbungsraum und innerhalb von ein paar Jahren trat er in eines der Top-Jazz-Ausbildungsprogramme in Europa ein, am \u201eJazzinstitut Berlin\u201c. Dort studierte er mit weltbekannten Jazzmusikern wie Peter Weniger, Claudio Puntin, Greg Cohen, John Hollenbeck und Kurt Rosenwinkel. 2013 schloss er sein Studium mit einem BA in Musik ab, ausgestattet mit einem bunten Set an F\u00e4higkeiten und Inspirationen.<\/p>\n\n\n\n<p>Im Laufe der Jahre hat Moritz auf dem Altsaxophon, aber auch auf der Klarinette und dem Baritonsaxophon, einen einzigartigen Klang entwickelt, der als feiner, fl\u00f6tenartiger Ton mit einem ausgepr\u00e4gten Sinn f\u00fcr melodische Details zu erleben ist. Seine musikalische Sprache sch\u00f6pft ihre Inspiration aus verschiedenen Genres wie Balkanmusik, Indie-Rock und Funk, verliert dabei aber nie ihren Jazz-Geist. Einige seiner gr\u00f6\u00dften musikalischen Einfl\u00fcsse sind sein langj\u00e4hriger Mentor Hayden Chisholm, sowie Soweto Kinch, Braxton Cook, Lee Konitz, Paul Desmond und Charlie Parker.<\/p>\n\n\n\n<p>\u2028In den letzten zehn Jahren hat Moritz mit einer Vielzahl von Bands gespielt, die ihn rund um den Globus gef\u00fchrt haben. 2019 nahm er ein Studioalbum mit dem Omiversal Earkestra in Mali, Afrika auf bei dem er mit Salif Keita, Sory Bamba und Cheick Tidiane Seck zusammenarbeitete. Seine Europatournee 2019 mit dem spanischen Popstar Alvaro Soler beinhaltete Stadionshows und namhafte Festivals in mehr als \u00fcber zehn L\u00e4ndern.<\/p>\n\n\n\n<p>Zu Moritz\u2018 j\u00fcngsten Studioalben z\u00e4hlen \u201eSkateFolk\u201c seiner Band \u201eHJORTRON\u201c (QFTF; 2021) mit dem Schweizer Gitarristen Anatole Buccella und \u201ele MALI 70\u201c des \u201eOmniversal Earkestras\u201c (Trikont; 2020). Bis heute \u00fcbt er t\u00e4glich und liebt es, sich mit allen Arten von kreativen Unternehmungen zu besch\u00e4ftigen.<\/p>\n\n\n\n<p>F\u00fcr mehr folgt mir auf www.instagram.com\/moritzkoether<\/p>\n","protected":false},"excerpt":{"rendered":"<p>Moritz K\u00f6ther, Saxophonist und Vision\u00e4r, ist ein international gefragter Tournee-Musiker, der Konzerte von der Mercedes-Benz-Arena in Berlin bis hin zum B\u00fcrgermeisteramt in Singapur spielt. Er verbindet seine Liebe zu Blasinstrumenten mit seiner nat\u00fcrlichen Begabung, ein einzigartiges k\u00fcnstlerisches Repertoire zu schaffen, das vom Klang bis hin zur Performance reicht. Erst im Alter von 16 Jahren entwickelte [&hellip;]<\/p>\n","protected":false},"author":1,"featured_media":50,"parent":0,"menu_order":0,"comment_status":"closed","ping_status":"closed","template":"","meta":{"footnotes":""},"class_list":["post-17","page","type-page","status-publish","has-post-thumbnail","hentry"],"_links":{"self":[{"href":"https:\/\/moritzkoether.de\/de\/wp-json\/wp\/v2\/pages\/17"}],"collection":[{"href":"https:\/\/moritzkoether.de\/de\/wp-json\/wp\/v2\/pages"}],"about":[{"href":"https:\/\/moritzkoether.de\/de\/wp-json\/wp\/v2\/types\/page"}],"author":[{"embeddable":true,"href":"https:\/\/moritzkoether.de\/de\/wp-json\/wp\/v2\/users\/1"}],"replies":[{"embeddable":true,"href":"https:\/\/moritzkoether.de\/de\/wp-json\/wp\/v2\/comments?post=17"}],"version-history":[{"count":2,"href":"https:\/\/moritzkoether.de\/de\/wp-json\/wp\/v2\/pages\/17\/revisions"}],"predecessor-version":[{"id":51,"href":"https:\/\/moritzkoether.de\/de\/wp-json\/wp\/v2\/pages\/17\/revisions\/51"}],"wp:featuredmedia":[{"embeddable":true,"href":"https:\/\/moritzkoether.de\/de\/wp-json\/wp\/v2\/media\/50"}],"wp:attachment":[{"href":"https:\/\/moritzkoether.de\/de\/wp-json\/wp\/v2\/media?parent=17"}],"curies":[{"name":"wp","href":"https:\/\/api.w.org\/{rel}","templated":true}]}}