{"id":21,"date":"2024-10-03T11:15:47","date_gmt":"2024-10-03T11:15:47","guid":{"rendered":"http:\/\/neu.moritzkoether.de\/?page_id=21"},"modified":"2024-10-04T18:13:20","modified_gmt":"2024-10-04T16:13:20","slug":"hjortron","status":"publish","type":"page","link":"https:\/\/moritzkoether.de\/de\/bands\/hjortron\/","title":{"rendered":"hjortron"},"content":{"rendered":"\n<figure class=\"wp-block-image size-large\"><img loading=\"lazy\" decoding=\"async\" width=\"1024\" height=\"683\" src=\"http:\/\/neu.moritzkoether.de\/wp-content\/uploads\/2024\/10\/AM11-min-1024x683.jpg\" alt=\"\" class=\"wp-image-82\" srcset=\"https:\/\/moritzkoether.de\/wp-content\/uploads\/2024\/10\/AM11-min-1024x683.jpg 1024w, https:\/\/moritzkoether.de\/wp-content\/uploads\/2024\/10\/AM11-min-300x200.jpg 300w, https:\/\/moritzkoether.de\/wp-content\/uploads\/2024\/10\/AM11-min-768x512.jpg 768w, https:\/\/moritzkoether.de\/wp-content\/uploads\/2024\/10\/AM11-min-1536x1024.jpg 1536w, https:\/\/moritzkoether.de\/wp-content\/uploads\/2024\/10\/AM11-min-2048x1365.jpg 2048w, https:\/\/moritzkoether.de\/wp-content\/uploads\/2024\/10\/AM11-min-18x12.jpg 18w\" sizes=\"(max-width: 1024px) 100vw, 1024px\" \/><\/figure>\n\n\n\n<p>Mitwirkende:<\/p>\n\n\n\n<p>Anatole Buccella &#8211; Gitarre (CH)<br>Moritz K\u00f6ther &#8211; Saxophon (GER)<\/p>\n\n\n\n<p>Das Duo Hjortron, bestehend aus dem Z\u00fcrcher Gitarristen Anatole Buccella und dem Berliner Saxophonisten Moritz K\u00f6ther, hat seinen Namen von der skandinavischen Maulbeere.<\/p>\n\n\n\n<p>\u201eSanfte Zwiegespr\u00e4che zwischen verst\u00e4rkter E-Gitarre und Altsaxophon. Zeitlose Kl\u00e4nge, komponiert und improvisiert, inspiriert von verr\u00fcckten Skateboardtricks der 80er Jahre, kurzen skandinavischen Sommern und den schwingenden Fl\u00fcgeln von Kolibris. Summen Sie die Melodien, lehnen Sie sich zur\u00fcck und entspannen Sie sich.\u201c<\/p>\n\n\n\n<figure class=\"wp-block-embed is-type-rich is-provider-soundcloud wp-block-embed-soundcloud wp-embed-aspect-4-3 wp-has-aspect-ratio\"><div class=\"wp-block-embed__wrapper\">\n<iframe loading=\"lazy\" title=\"Duo Hjortron\" width=\"500\" height=\"450\" scrolling=\"no\" frameborder=\"no\" src=\"https:\/\/w.soundcloud.com\/player\/?visual=true&#038;url=https%3A%2F%2Fapi.soundcloud.com%2Fusers%2F147206684&#038;show_artwork=true&#038;maxheight=750&#038;maxwidth=500\"><\/iframe>\n<\/div><\/figure>\n\n\n\n<figure class=\"wp-block-embed is-type-video is-provider-youtube wp-block-embed-youtube wp-embed-aspect-16-9 wp-has-aspect-ratio\"><div class=\"wp-block-embed__wrapper\">\n<iframe loading=\"lazy\" title=\"HJORTRON - Z\u00fcrich Song\" width=\"500\" height=\"281\" src=\"https:\/\/www.youtube.com\/embed\/2kQ5nW4yGGo?feature=oembed\" frameborder=\"0\" allow=\"accelerometer; autoplay; clipboard-write; encrypted-media; gyroscope; picture-in-picture; web-share\" referrerpolicy=\"strict-origin-when-cross-origin\" allowfullscreen><\/iframe>\n<\/div><\/figure>\n\n\n\n<figure class=\"wp-block-embed is-type-video is-provider-youtube wp-block-embed-youtube wp-embed-aspect-16-9 wp-has-aspect-ratio\"><div class=\"wp-block-embed__wrapper\">\n<iframe loading=\"lazy\" title=\"Hjortron - Skate Song\" width=\"500\" height=\"281\" src=\"https:\/\/www.youtube.com\/embed\/uSNIaHTdxaw?feature=oembed\" frameborder=\"0\" allow=\"accelerometer; autoplay; clipboard-write; encrypted-media; gyroscope; picture-in-picture; web-share\" referrerpolicy=\"strict-origin-when-cross-origin\" allowfullscreen><\/iframe>\n<\/div><\/figure>\n\n\n\n<figure class=\"wp-block-embed is-type-video is-provider-vimeo wp-block-embed-vimeo wp-embed-aspect-16-9 wp-has-aspect-ratio\"><div class=\"wp-block-embed__wrapper\">\n<iframe loading=\"lazy\" title=\"HJORTRON im Zug in Z\u00fcrich\" src=\"https:\/\/player.vimeo.com\/video\/221171716?dnt=1&amp;app_id=122963\" width=\"500\" height=\"281\" frameborder=\"0\" allow=\"autoplay; fullscreen; picture-in-picture; clipboard-write\"><\/iframe>\n<\/div><\/figure>\n\n\n\n<p><strong>DOWNLOAD UNSERER EPK<\/strong>\u00a0(\u201eelektronische Pressemappe\u201c)\u00a0<a href=\"http:\/\/neu.moritzkoether.de\/wp-content\/uploads\/2024\/10\/duohjortron-epk-1.pdf\" target=\"_blank\" rel=\"noreferrer noopener\"><strong>hier<\/strong><\/a><\/p>\n","protected":false},"excerpt":{"rendered":"<p>Mitwirkende: Anatole Buccella &#8211; Gitarre (CH)Moritz K\u00f6ther &#8211; Saxophon (GER) Das Duo Hjortron, bestehend aus dem Z\u00fcrcher Gitarristen Anatole Buccella und dem Berliner Saxophonisten Moritz K\u00f6ther, hat seinen Namen von der skandinavischen Maulbeere. \u201eSanfte Zwiegespr\u00e4che zwischen verst\u00e4rkter E-Gitarre und Altsaxophon. Zeitlose Kl\u00e4nge, komponiert und improvisiert, inspiriert von verr\u00fcckten Skateboardtricks der 80er Jahre, kurzen skandinavischen Sommern [&hellip;]<\/p>\n","protected":false},"author":1,"featured_media":0,"parent":15,"menu_order":0,"comment_status":"closed","ping_status":"closed","template":"","meta":{"footnotes":""},"class_list":["post-21","page","type-page","status-publish","hentry"],"_links":{"self":[{"href":"https:\/\/moritzkoether.de\/de\/wp-json\/wp\/v2\/pages\/21"}],"collection":[{"href":"https:\/\/moritzkoether.de\/de\/wp-json\/wp\/v2\/pages"}],"about":[{"href":"https:\/\/moritzkoether.de\/de\/wp-json\/wp\/v2\/types\/page"}],"author":[{"embeddable":true,"href":"https:\/\/moritzkoether.de\/de\/wp-json\/wp\/v2\/users\/1"}],"replies":[{"embeddable":true,"href":"https:\/\/moritzkoether.de\/de\/wp-json\/wp\/v2\/comments?post=21"}],"version-history":[{"count":4,"href":"https:\/\/moritzkoether.de\/de\/wp-json\/wp\/v2\/pages\/21\/revisions"}],"predecessor-version":[{"id":87,"href":"https:\/\/moritzkoether.de\/de\/wp-json\/wp\/v2\/pages\/21\/revisions\/87"}],"up":[{"embeddable":true,"href":"https:\/\/moritzkoether.de\/de\/wp-json\/wp\/v2\/pages\/15"}],"wp:attachment":[{"href":"https:\/\/moritzkoether.de\/de\/wp-json\/wp\/v2\/media?parent=21"}],"curies":[{"name":"wp","href":"https:\/\/api.w.org\/{rel}","templated":true}]}}