{"id":27,"date":"2024-10-03T11:16:45","date_gmt":"2024-10-03T11:16:45","guid":{"rendered":"http:\/\/neu.moritzkoether.de\/?page_id=27"},"modified":"2024-10-04T18:16:03","modified_gmt":"2024-10-04T16:16:03","slug":"lionrockets-ger","status":"publish","type":"page","link":"https:\/\/moritzkoether.de\/de\/bands\/lionrockets-ger\/","title":{"rendered":"Sticky Mo &#038; The Lionrockets"},"content":{"rendered":"\n<p>Sticky Mo &amp; Die Lionrockets, die ber\u00fchmt-ber\u00fcchtigte Hausband des \u201eL\u00f6we Rein\u201c in Berlin-Neuk\u00f6lln (Rixdorf), spielt seit 2014 regelm\u00e4\u00dfig beim Tanzevent \u201eL\u00f6wentanz\u201c auf ihrer Mission, Jazz und Tanz wieder n\u00e4her zu bringen. Mittlerweile touren sie durch Deutschland und das benachbarte Ausland, um ihre Botschaft zu verk\u00fcnden. Sie sind bedingungslos: Keine Konzerte ohne T\u00e4nzer! Sticky Mo und seine Lionrockets sind bekannt f\u00fcr ihre feurigen Soli und eine unvergleichliche Energie auf der B\u00fchne f\u00fcr die T\u00e4nzer. Es lohnt sich sehr, diese f\u00fcnfk\u00f6pfige Band live zu erleben und zu tanzen.<\/p>\n\n\n\n<hr class=\"wp-block-separator has-alpha-channel-opacity\"\/>\n\n\n\n<figure class=\"wp-block-embed is-type-video is-provider-youtube wp-block-embed-youtube wp-embed-aspect-16-9 wp-has-aspect-ratio\"><div class=\"wp-block-embed__wrapper\">\n<iframe loading=\"lazy\" title=\"Introducing &quot;STICKY MO AND THE LIONROCKETS  -  THIS CAN&#039;T BE LOVE\u201c - Official Video (2018) - YouTube\" width=\"500\" height=\"281\" src=\"https:\/\/www.youtube.com\/embed\/RuT4YgvI5wY?feature=oembed\" frameborder=\"0\" allow=\"accelerometer; autoplay; clipboard-write; encrypted-media; gyroscope; picture-in-picture; web-share\" referrerpolicy=\"strict-origin-when-cross-origin\" allowfullscreen><\/iframe>\n<\/div><\/figure>\n\n\n\n<hr class=\"wp-block-separator has-alpha-channel-opacity\"\/>\n\n\n\n<p><strong>Personell:<\/strong><\/p>\n\n\n\n<p>\u201eSticky Mo\u201c alias. Moritz K\u00f6ther &#8211; Alt-Saxophon<br>\u201eMos Hammer\u201c alias Fritz Moshammer &#8211; Trompete<br>\u201eCol the Cat\u201c alias Chris Colaco &#8211; Klavier<br>\u201eGrowlin&#8216; Chris\u201c alias Christian Fischer &#8211; Bass<br>\u201eFilthy Phil\u201c aka. Philipp Schaeper &#8211; Schlagzeug<\/p>\n\n\n\n<p>Lindybob &#8211; Jazz f\u00fcr T\u00e4nzer<\/p>\n\n\n\n<p>Hausband des \u201eL\u00f6we Rein\u201c in Neuk\u00f6lln (Berlin) seit 2013.<\/p>\n\n\n\n<p>Die f\u00fcnf Musiker erkunden gerne den energetischen Raum, der sich zwischen Musik und Tanz auftut.<\/p>\n","protected":false},"excerpt":{"rendered":"<p>Sticky Mo &amp; Die Lionrockets, die ber\u00fchmt-ber\u00fcchtigte Hausband des \u201eL\u00f6we Rein\u201c in Berlin-Neuk\u00f6lln (Rixdorf), spielt seit 2014 regelm\u00e4\u00dfig beim Tanzevent \u201eL\u00f6wentanz\u201c auf ihrer Mission, Jazz und Tanz wieder n\u00e4her zu bringen. Mittlerweile touren sie durch Deutschland und das benachbarte Ausland, um ihre Botschaft zu verk\u00fcnden. Sie sind bedingungslos: Keine Konzerte ohne T\u00e4nzer! Sticky Mo und [&hellip;]<\/p>\n","protected":false},"author":1,"featured_media":88,"parent":15,"menu_order":0,"comment_status":"closed","ping_status":"closed","template":"","meta":{"footnotes":""},"class_list":["post-27","page","type-page","status-publish","has-post-thumbnail","hentry"],"_links":{"self":[{"href":"https:\/\/moritzkoether.de\/de\/wp-json\/wp\/v2\/pages\/27"}],"collection":[{"href":"https:\/\/moritzkoether.de\/de\/wp-json\/wp\/v2\/pages"}],"about":[{"href":"https:\/\/moritzkoether.de\/de\/wp-json\/wp\/v2\/types\/page"}],"author":[{"embeddable":true,"href":"https:\/\/moritzkoether.de\/de\/wp-json\/wp\/v2\/users\/1"}],"replies":[{"embeddable":true,"href":"https:\/\/moritzkoether.de\/de\/wp-json\/wp\/v2\/comments?post=27"}],"version-history":[{"count":2,"href":"https:\/\/moritzkoether.de\/de\/wp-json\/wp\/v2\/pages\/27\/revisions"}],"predecessor-version":[{"id":89,"href":"https:\/\/moritzkoether.de\/de\/wp-json\/wp\/v2\/pages\/27\/revisions\/89"}],"up":[{"embeddable":true,"href":"https:\/\/moritzkoether.de\/de\/wp-json\/wp\/v2\/pages\/15"}],"wp:featuredmedia":[{"embeddable":true,"href":"https:\/\/moritzkoether.de\/de\/wp-json\/wp\/v2\/media\/88"}],"wp:attachment":[{"href":"https:\/\/moritzkoether.de\/de\/wp-json\/wp\/v2\/media?parent=27"}],"curies":[{"name":"wp","href":"https:\/\/api.w.org\/{rel}","templated":true}]}}