{"id":33,"date":"2024-10-03T11:17:28","date_gmt":"2024-10-03T11:17:28","guid":{"rendered":"http:\/\/neu.moritzkoether.de\/?page_id=33"},"modified":"2024-10-04T18:20:16","modified_gmt":"2024-10-04T16:20:16","slug":"treangular-fin","status":"publish","type":"page","link":"https:\/\/moritzkoether.de\/de\/bands\/treangular-fin\/","title":{"rendered":"treangular (FIN)"},"content":{"rendered":"\n<figure class=\"wp-block-embed is-type-video is-provider-youtube wp-block-embed-youtube wp-embed-aspect-16-9 wp-has-aspect-ratio\"><div class=\"wp-block-embed__wrapper\">\n<iframe loading=\"lazy\" title=\"TREANGULAR  -  SHIVERS  -  YouTube\" width=\"500\" height=\"281\" src=\"https:\/\/www.youtube.com\/embed\/kn08M6UqsYs?feature=oembed\" frameborder=\"0\" allow=\"accelerometer; autoplay; clipboard-write; encrypted-media; gyroscope; picture-in-picture; web-share\" referrerpolicy=\"strict-origin-when-cross-origin\" allowfullscreen><\/iframe>\n<\/div><\/figure>\n\n\n\n<p>TREANGULAR ist ein innovatives Jazz-Quartett mit Sitz in Helsinki, Finnland. Bestehend aus jungen Musikern aus Deutschland und Finnland, vereint es die seltsame Sch\u00f6nheit, die in ihren beiden Kulturen und pers\u00f6nlichen \u00c4sthetiken liegt. Ihre Eigenkompositionen reichen von Introspektion bis hin zu unschuldigem Humor. Das ehemalige Trio, bestehend aus dem Gitarristen Samuli Lepola, dem Bassisten Simo K\u00e4rki und dem Schlagzeuger Teemu Mustonen, wurde 2015 um den deutschen Saxophonisten Moritz K\u00f6ther erweitert, nachdem sich Simo und Moritz in Stockholm auf Reisen kennengelernt und angefreundet hatten. Das Quartett nahm sein erstes Album INNER ASYLUM in zwei Fr\u00fchjahren 2015 und 2016 auf und tourte bereits in Finnland.<\/p>\n","protected":false},"excerpt":{"rendered":"<p>TREANGULAR ist ein innovatives Jazz-Quartett mit Sitz in Helsinki, Finnland. Bestehend aus jungen Musikern aus Deutschland und Finnland, vereint es die seltsame Sch\u00f6nheit, die in ihren beiden Kulturen und pers\u00f6nlichen \u00c4sthetiken liegt. Ihre Eigenkompositionen reichen von Introspektion bis hin zu unschuldigem Humor. Das ehemalige Trio, bestehend aus dem Gitarristen Samuli Lepola, dem Bassisten Simo K\u00e4rki [&hellip;]<\/p>\n","protected":false},"author":1,"featured_media":0,"parent":15,"menu_order":0,"comment_status":"closed","ping_status":"closed","template":"","meta":{"footnotes":""},"class_list":["post-33","page","type-page","status-publish","hentry"],"_links":{"self":[{"href":"https:\/\/moritzkoether.de\/de\/wp-json\/wp\/v2\/pages\/33"}],"collection":[{"href":"https:\/\/moritzkoether.de\/de\/wp-json\/wp\/v2\/pages"}],"about":[{"href":"https:\/\/moritzkoether.de\/de\/wp-json\/wp\/v2\/types\/page"}],"author":[{"embeddable":true,"href":"https:\/\/moritzkoether.de\/de\/wp-json\/wp\/v2\/users\/1"}],"replies":[{"embeddable":true,"href":"https:\/\/moritzkoether.de\/de\/wp-json\/wp\/v2\/comments?post=33"}],"version-history":[{"count":2,"href":"https:\/\/moritzkoether.de\/de\/wp-json\/wp\/v2\/pages\/33\/revisions"}],"predecessor-version":[{"id":90,"href":"https:\/\/moritzkoether.de\/de\/wp-json\/wp\/v2\/pages\/33\/revisions\/90"}],"up":[{"embeddable":true,"href":"https:\/\/moritzkoether.de\/de\/wp-json\/wp\/v2\/pages\/15"}],"wp:attachment":[{"href":"https:\/\/moritzkoether.de\/de\/wp-json\/wp\/v2\/media?parent=33"}],"curies":[{"name":"wp","href":"https:\/\/api.w.org\/{rel}","templated":true}]}}