{"id":13,"date":"2024-10-03T11:14:30","date_gmt":"2024-10-03T11:14:30","guid":{"rendered":"http:\/\/neu.moritzkoether.de\/?page_id=13"},"modified":"2024-11-08T21:37:55","modified_gmt":"2024-11-08T20:37:55","slug":"about","status":"publish","type":"page","link":"https:\/\/moritzkoether.de\/en\/","title":{"rendered":"ABoUT"},"content":{"rendered":"<blockquote class=\"wp-block-quote is-layout-flow wp-block-quote-is-layout-flow\">\n<p>\u201eOne of the most bizarre and most beautiful things on planet earth that human kind does for each other is to play music. First it does not serve any real purpose other than to talk to the spirits of each individual. In that regard playing music is almost a spiritual act, and therefore quite rare amongst the things human beings living on planet earth choose to spend their life time experiences with. I feel proud to call myself a musician and having to inspire other people as one of the core responsibilities that come along with my profession. I will keep on ! Amen.\"<\/p>\n\n\n\n<p><\/p>\n<\/blockquote>\n\n\n\n<p>From Book of Self-Remembering by Moritz K\u00f6ther | THUAUG19 - 2021<\/p>\n\n\n\n<p><\/p>","protected":false},"excerpt":{"rendered":"<p>\u201eEines der bizarrsten und sch\u00f6nsten Dinge auf dem Planeten Erde, die die Menschen f\u00fcreinander tun, ist das Musizieren. Zun\u00e4chst dient es keinem anderen Zweck als dem, mit den Geistern jedes Einzelnen zu sprechen. In dieser Hinsicht ist das Musizieren fast ein spiritueller Akt, und deshalb ist es unter den Dingen, mit denen die Menschen auf [&hellip;]<\/p>\n","protected":false},"author":1,"featured_media":40,"parent":0,"menu_order":0,"comment_status":"closed","ping_status":"closed","template":"unterseite-ohne-header","meta":{"footnotes":""},"class_list":["post-13","page","type-page","status-publish","has-post-thumbnail","hentry"],"_links":{"self":[{"href":"https:\/\/moritzkoether.de\/en\/wp-json\/wp\/v2\/pages\/13"}],"collection":[{"href":"https:\/\/moritzkoether.de\/en\/wp-json\/wp\/v2\/pages"}],"about":[{"href":"https:\/\/moritzkoether.de\/en\/wp-json\/wp\/v2\/types\/page"}],"author":[{"embeddable":true,"href":"https:\/\/moritzkoether.de\/en\/wp-json\/wp\/v2\/users\/1"}],"replies":[{"embeddable":true,"href":"https:\/\/moritzkoether.de\/en\/wp-json\/wp\/v2\/comments?post=13"}],"version-history":[{"count":6,"href":"https:\/\/moritzkoether.de\/en\/wp-json\/wp\/v2\/pages\/13\/revisions"}],"predecessor-version":[{"id":74,"href":"https:\/\/moritzkoether.de\/en\/wp-json\/wp\/v2\/pages\/13\/revisions\/74"}],"wp:featuredmedia":[{"embeddable":true,"href":"https:\/\/moritzkoether.de\/en\/wp-json\/wp\/v2\/media\/40"}],"wp:attachment":[{"href":"https:\/\/moritzkoether.de\/en\/wp-json\/wp\/v2\/media?parent=13"}],"curies":[{"name":"wp","href":"https:\/\/api.w.org\/{rel}","templated":true}]}}