{"id":17,"date":"2024-10-03T11:15:04","date_gmt":"2024-10-03T11:15:04","guid":{"rendered":"http:\/\/neu.moritzkoether.de\/?page_id=17"},"modified":"2024-11-08T21:13:30","modified_gmt":"2024-11-08T20:13:30","slug":"bio","status":"publish","type":"page","link":"https:\/\/moritzkoether.de\/en\/bio\/","title":{"rendered":"BIO"},"content":{"rendered":"<p>Moritz K\u00f6ther, saxophone visionaire, is a internationally accomplished touring musician playing concerts ranging from the Mercedes-Benz-Arena in Berlin to the mayor\u2019s office in\u2028Singapore. He combines his love for wind instruments with his natural talent of performance to create a truly unique artistic repertoire that reaches from sound to expressive arts.<\/p>\n\n\n\n<p>Only at the age of 16 did Moritz develop an interest in music and saxophone specifically. His focus then shifted from the skatepark to the practice room and within a couple of years he entered one of the top jazz education programs in Europe at the \u201eJazzinstitue Berlin\u201c. There he studied with world renowned jazz musicians like Peter Weniger, Claudio Puntin, Greg Cohen, John Hollenbeck and Kurt Rosenwinkel. In 2013 he graduated with a BA in Music equipped with a colourful set of skills and inspiration.<\/p>\n\n\n\n<p>Over the years Moritz has developed a unique sound on the alto saxophone, as well as the clarinet and baritone saxophone, which can be experienced as a fine, flute-like tone accompanied by a distinct sense of melodic detail. His musical language draws its inspiration from different genres like balkan music, indie rock and funk while never losing its jazz spirit. Some of his biggest musical influences include his long term mentor Hayden Chisholm, as well as Soweto Kinch, Braxton Cook, Lee Konitz, Paul Desmond and Charlie Parker.<\/p>\n\n\n\n<p>Throughout the last decade Moritz has played with a diverse variety of bands that have taken him across the globe. In 2019 he recorded a studio album with the Omiversal Earkestra in Mali, Africa collaborating with Salif Keita, Sory Bamba and Cheick Tidiane Seck. His 2019 European tour with Spanish pop star Alvaro Soler involved stadium shows and big name festivals in upwards of ten countries.<\/p>\n\n\n\n<p>Moritz\u2019s most recent studio albums include his band HJORTRON\u2019s \u201cSkateFolk\u201d (QFTF; 2021) with Swiss guitar player Anatole Buccella and the Omniversal Earkestra\u2019s \u201cle MALI 70\u201d (Trikont; 2020). To this very day he practices daily and loves to be involved with all kinds of creative endeavors.<\/p>\n\n\n\n<p>For more please follow me on www.instagram.com\/moritzkoether<\/p>","protected":false},"excerpt":{"rendered":"<p>Moritz K\u00f6ther, Saxophonist und Vision\u00e4r, ist ein international gefragter Tournee-Musiker, der Konzerte von der Mercedes-Benz-Arena in Berlin bis hin zum B\u00fcrgermeisteramt in Singapur spielt. Er verbindet seine Liebe zu Blasinstrumenten mit seiner nat\u00fcrlichen Begabung, ein einzigartiges k\u00fcnstlerisches Repertoire zu schaffen, das vom Klang bis hin zur Performance reicht. Erst im Alter von 16 Jahren entwickelte [&hellip;]<\/p>\n","protected":false},"author":1,"featured_media":50,"parent":0,"menu_order":0,"comment_status":"closed","ping_status":"closed","template":"","meta":{"footnotes":""},"class_list":["post-17","page","type-page","status-publish","has-post-thumbnail","hentry"],"_links":{"self":[{"href":"https:\/\/moritzkoether.de\/en\/wp-json\/wp\/v2\/pages\/17"}],"collection":[{"href":"https:\/\/moritzkoether.de\/en\/wp-json\/wp\/v2\/pages"}],"about":[{"href":"https:\/\/moritzkoether.de\/en\/wp-json\/wp\/v2\/types\/page"}],"author":[{"embeddable":true,"href":"https:\/\/moritzkoether.de\/en\/wp-json\/wp\/v2\/users\/1"}],"replies":[{"embeddable":true,"href":"https:\/\/moritzkoether.de\/en\/wp-json\/wp\/v2\/comments?post=17"}],"version-history":[{"count":2,"href":"https:\/\/moritzkoether.de\/en\/wp-json\/wp\/v2\/pages\/17\/revisions"}],"predecessor-version":[{"id":51,"href":"https:\/\/moritzkoether.de\/en\/wp-json\/wp\/v2\/pages\/17\/revisions\/51"}],"wp:featuredmedia":[{"embeddable":true,"href":"https:\/\/moritzkoether.de\/en\/wp-json\/wp\/v2\/media\/50"}],"wp:attachment":[{"href":"https:\/\/moritzkoether.de\/en\/wp-json\/wp\/v2\/media?parent=17"}],"curies":[{"name":"wp","href":"https:\/\/api.w.org\/{rel}","templated":true}]}}