{"id":23,"date":"2024-10-03T11:16:12","date_gmt":"2024-10-03T11:16:12","guid":{"rendered":"http:\/\/neu.moritzkoether.de\/?page_id=23"},"modified":"2024-10-04T16:39:34","modified_gmt":"2024-10-04T14:39:34","slug":"hypnochrome","status":"publish","type":"page","link":"https:\/\/moritzkoether.de\/en\/bands\/hypnochrome\/","title":{"rendered":"HYPNOCHROME"},"content":{"rendered":"<figure class=\"wp-block-image size-large\"><img loading=\"lazy\" decoding=\"async\" width=\"1024\" height=\"683\" src=\"http:\/\/neu.moritzkoether.de\/wp-content\/uploads\/2024\/10\/Hypnochrome-\u00a9-Phil-Vetter-2023_Web-4-scaled-1-1024x683.jpg\" alt=\"\" class=\"wp-image-76\" srcset=\"https:\/\/moritzkoether.de\/wp-content\/uploads\/2024\/10\/Hypnochrome-\u00a9-Phil-Vetter-2023_Web-4-scaled-1-1024x683.jpg 1024w, https:\/\/moritzkoether.de\/wp-content\/uploads\/2024\/10\/Hypnochrome-\u00a9-Phil-Vetter-2023_Web-4-scaled-1-300x200.jpg 300w, https:\/\/moritzkoether.de\/wp-content\/uploads\/2024\/10\/Hypnochrome-\u00a9-Phil-Vetter-2023_Web-4-scaled-1-768x512.jpg 768w, https:\/\/moritzkoether.de\/wp-content\/uploads\/2024\/10\/Hypnochrome-\u00a9-Phil-Vetter-2023_Web-4-scaled-1-1536x1024.jpg 1536w, https:\/\/moritzkoether.de\/wp-content\/uploads\/2024\/10\/Hypnochrome-\u00a9-Phil-Vetter-2023_Web-4-scaled-1-2048x1366.jpg 2048w, https:\/\/moritzkoether.de\/wp-content\/uploads\/2024\/10\/Hypnochrome-\u00a9-Phil-Vetter-2023_Web-4-scaled-1-18x12.jpg 18w\" sizes=\"(max-width: 1024px) 100vw, 1024px\" \/><\/figure>\n\n\n\n<p>Jazz-Trio:<\/p>\n\n\n\n<p>Moritz K\u00f6ther \u2013 alto saxophone, Attila M\u00fchl \u2013 guitar, Lars G\u00fchlcke \u2013 double bass<\/p>\n\n\n\n<p>feat. Bodek Janke &#8211; Schlagzeug<\/p>\n\n\n\n<p>This is Hypnochrome. The trio consists of guitarist Attila M\u00fchl, saxophonist Moritz K\u00f6ther and bassist Lars G\u00fchlcke featuring drummer Bodek Janke.<\/p>\n\n\n\n<p>They take their name from the stellar stero sound of guitar and alto saxophone, creating a hypnotic ressonance inbetween melodic bass lines and pulsating rhythms.<\/p>\n\n\n\n<p>Handcrafted and homemade contemporary jazz music, improvised and composed in between tradition and innovation, playful and modern. With their new album they are sharing their vision of sound, improvisation and original compositions balancing jazz tradition and modern aesthetics.<\/p>\n\n\n\n<figure class=\"wp-block-embed is-type-rich is-provider-soundcloud wp-block-embed-soundcloud wp-embed-aspect-4-3 wp-has-aspect-ratio\"><div class=\"wp-block-embed__wrapper\">\n<iframe loading=\"lazy\" title=\"Hypnochrome by Attila Muehl\" width=\"500\" height=\"450\" scrolling=\"no\" frameborder=\"no\" src=\"https:\/\/w.soundcloud.com\/player\/?visual=true&#038;url=https%3A%2F%2Fapi.soundcloud.com%2Fplaylists%2F1647172831&#038;show_artwork=true&#038;maxheight=750&#038;maxwidth=500&#038;secret_token=s-6nQR4b20oON\"><\/iframe>\n<\/div><\/figure>\n\n\n\n<figure class=\"wp-block-embed is-type-video is-provider-youtube wp-block-embed-youtube wp-embed-aspect-16-9 wp-has-aspect-ratio\"><div class=\"wp-block-embed__wrapper\">\n<iframe loading=\"lazy\" title=\"&quot;Float&quot; by Hypnochrome\" width=\"500\" height=\"281\" src=\"https:\/\/www.youtube.com\/embed\/Zgpn0oaMSWs?feature=oembed\" frameborder=\"0\" allow=\"accelerometer; autoplay; clipboard-write; encrypted-media; gyroscope; picture-in-picture; web-share\" referrerpolicy=\"strict-origin-when-cross-origin\" allowfullscreen><\/iframe>\n<\/div><\/figure>\n\n\n\n<figure class=\"wp-block-embed is-type-video is-provider-youtube wp-block-embed-youtube wp-embed-aspect-16-9 wp-has-aspect-ratio\"><div class=\"wp-block-embed__wrapper\">\n<iframe loading=\"lazy\" title=\"&quot;42&quot; by Hypnochrome\" width=\"500\" height=\"281\" src=\"https:\/\/www.youtube.com\/embed\/TB_Id7HQV8A?feature=oembed\" frameborder=\"0\" allow=\"accelerometer; autoplay; clipboard-write; encrypted-media; gyroscope; picture-in-picture; web-share\" referrerpolicy=\"strict-origin-when-cross-origin\" allowfullscreen><\/iframe>\n<\/div><\/figure>\n\n\n\n<p>DOWNLOAD compact\u00a0<strong><a href=\"http:\/\/neu.moritzkoether.de\/wp-content\/uploads\/2024\/10\/hypnochrome.png\" target=\"_blank\" rel=\"noreferrer noopener\">BAND INFO<\/a><\/strong>\u00a0(\u201eEPK\u201c)<\/p>\n\n\n\n<p>DOWNLOAD\u00a0<strong><a href=\"http:\/\/neu.moritzkoether.de\/wp-content\/uploads\/2024\/10\/Hypnochrome-Tec-Rider-scaled-1.jpg\" target=\"_blank\" rel=\"noreferrer noopener\">TEC RIDER<\/a><\/strong>\u00a0(\u201estage plan\u201c)<\/p>\n\n\n\n<p><\/p>","protected":false},"excerpt":{"rendered":"<p>Jazz-Trio: Moritz K\u00f6ther &#8211; Altsaxophon, Attila M\u00fchl &#8211; Gitarre, Lars G\u00fchlcke &#8211; Kontrabass feat. Bodek Janke &#8211; Schlagzeug Das ist Hypnochrome. Das Trio besteht aus dem Gitarristen Attila M\u00fchl, dem Saxophonisten Moritz K\u00f6ther und dem Bassisten Lars G\u00fchlcke mit dem Schlagzeuger Bodek Janke. Der Name Hypnochrome leitet sich aus dem sternenklaren Klang von Gitarre und [&hellip;]<\/p>\n","protected":false},"author":1,"featured_media":0,"parent":15,"menu_order":0,"comment_status":"closed","ping_status":"closed","template":"","meta":{"footnotes":""},"class_list":["post-23","page","type-page","status-publish","hentry"],"_links":{"self":[{"href":"https:\/\/moritzkoether.de\/en\/wp-json\/wp\/v2\/pages\/23"}],"collection":[{"href":"https:\/\/moritzkoether.de\/en\/wp-json\/wp\/v2\/pages"}],"about":[{"href":"https:\/\/moritzkoether.de\/en\/wp-json\/wp\/v2\/types\/page"}],"author":[{"embeddable":true,"href":"https:\/\/moritzkoether.de\/en\/wp-json\/wp\/v2\/users\/1"}],"replies":[{"embeddable":true,"href":"https:\/\/moritzkoether.de\/en\/wp-json\/wp\/v2\/comments?post=23"}],"version-history":[{"count":3,"href":"https:\/\/moritzkoether.de\/en\/wp-json\/wp\/v2\/pages\/23\/revisions"}],"predecessor-version":[{"id":80,"href":"https:\/\/moritzkoether.de\/en\/wp-json\/wp\/v2\/pages\/23\/revisions\/80"}],"up":[{"embeddable":true,"href":"https:\/\/moritzkoether.de\/en\/wp-json\/wp\/v2\/pages\/15"}],"wp:attachment":[{"href":"https:\/\/moritzkoether.de\/en\/wp-json\/wp\/v2\/media?parent=23"}],"curies":[{"name":"wp","href":"https:\/\/api.w.org\/{rel}","templated":true}]}}